{"id":2053,"date":"2023-04-14T04:45:01","date_gmt":"2023-04-14T04:45:01","guid":{"rendered":"http:\/\/electrik.peacefulqode.com\/?page_id=2053"},"modified":"2023-05-26T12:00:42","modified_gmt":"2023-05-26T12:00:42","slug":"1-column-blog","status":"publish","type":"page","link":"https:\/\/isnsoluciones.com\/index.php\/1-column-blog\/","title":{"rendered":"1 column blog"},"content":{"rendered":"\t\t<div data-elementor-type=\"wp-page\" data-elementor-id=\"2053\" class=\"elementor elementor-2053\">\n\t\t\t\t\t\t<div class=\"elementor-section elementor-top-section elementor-element elementor-element-0437e69 elementor-section-full_width elementor-section-stretched elementor-section-height-default elementor-section-height-default\" data-id=\"0437e69\" data-element_type=\"section\" data-settings=\"{&quot;stretch_section&quot;:&quot;section-stretched&quot;}\">\n\t\t\t\t\t\t<div class=\"elementor-container elementor-column-gap-default\">\n\t\t\t\t\t<div class=\"elementor-column elementor-col-100 elementor-top-column elementor-element elementor-element-b6b1934\" data-id=\"b6b1934\" data-element_type=\"column\">\n\t\t\t<div class=\"elementor-widget-wrap elementor-element-populated\">\n\t\t\t\t\t\t<div class=\"elementor-section elementor-inner-section elementor-element elementor-element-446d92b elementor-section-boxed elementor-section-height-default elementor-section-height-default\" data-id=\"446d92b\" data-element_type=\"section\">\n\t\t\t\t\t\t<div class=\"elementor-container elementor-column-gap-default\">\n\t\t\t\t\t<div class=\"elementor-column elementor-col-66 elementor-inner-column elementor-element elementor-element-07981b4\" data-id=\"07981b4\" data-element_type=\"column\">\n\t\t\t<div class=\"elementor-widget-wrap elementor-element-populated\">\n\t\t\t\t\t\t<div class=\"elementor-element elementor-element-e40b987 elementor-widget elementor-widget-pt_blog\" data-id=\"e40b987\" data-element_type=\"widget\" data-widget_type=\"pt_blog.default\">\n\t\t\t\t<div class=\"elementor-widget-container\">\n\t\t\t<div class=\"pt-blog pt-blog-col-1\">\r\n  <div class=\"row\">\r\n\r\n            <div class=\"col-lg-12\">\r\n         <div class=\"pt-blog-post\">\r\n          <div class=\"pt-post-media\">\r\n           <img fetchpriority=\"high\" width=\"1920\" height=\"1080\" src=\"https:\/\/isnsoluciones.com\/wp-content\/uploads\/2023\/06\/cables.jpg\" class=\"attachment-post-thumbnail size-post-thumbnail wp-post-image\" alt=\"\" decoding=\"async\" srcset=\"https:\/\/isnsoluciones.com\/wp-content\/uploads\/2023\/06\/cables.jpg 1920w, https:\/\/isnsoluciones.com\/wp-content\/uploads\/2023\/06\/cables-300x169.jpg 300w, https:\/\/isnsoluciones.com\/wp-content\/uploads\/2023\/06\/cables-1024x576.jpg 1024w, https:\/\/isnsoluciones.com\/wp-content\/uploads\/2023\/06\/cables-768x432.jpg 768w, https:\/\/isnsoluciones.com\/wp-content\/uploads\/2023\/06\/cables-1536x864.jpg 1536w, https:\/\/isnsoluciones.com\/wp-content\/uploads\/2023\/06\/cables-600x338.jpg 600w\" sizes=\"(max-width: 1920px) 100vw, 1920px\" \/>                    <\/div>\r\n         <div class=\"pt-blog-contain\">\r\n           <div class=\"pt-post-meta\">\r\n             <div class=\"pt-post-date\">\r\n               <a href=\"https:\/\/isnsoluciones.com\/index.php\/2023\/06\/29\/\">\r\n                <span class='pt-post-blk' >29<\/span>Jun 2023<\/a>\r\n              <\/div>\r\n            <\/div>\r\n\r\n            <h5 class=\"pt-blog-title\"><a href=\"https:\/\/isnsoluciones.com\/index.php\/2023\/06\/29\/cuales-son-las-precauciones-de-seguridad-electrica-para-los-ninos\/\">\u00bfCu\u00e1les son las Precauciones de Seguridad El\u00e9ctrica para los Ni\u00f1os?<\/a><\/h5>\r\n\r\n                          \r\n                <p>La seguridad el\u00e9ctrica es un tema crucial, especialmente cuando se trata de proteger a los ni\u00f1os en nuestro hogar. Los accidentes el\u00e9ctricos pueden ser peligrosos y prevenirlos es fundamental. Como empresa de ingenier\u00eda el\u00e9ctrica, nos preocupamos por la seguridad de tu familia. En este art\u00edculo, destacaremos algunas precauciones clave que debes tomar para garantizar un [&hellip;]<\/p>\n                          \r\n            <div class=\"pt-btn-container\">\r\n             <a class=\"pt-button pt-button-flat\" href=\"https:\/\/isnsoluciones.com\/index.php\/2023\/06\/29\/cuales-son-las-precauciones-de-seguridad-electrica-para-los-ninos\/\">\r\n              <div class=\"pt-button-block\">\r\n                <span class=\"pt-button-text\">read more<\/span>\r\n                <i class=\" icon-lightning\"><\/i>\r\n              <\/div>\r\n            <\/a>\r\n          <\/div>\r\n\r\n        <\/div>\r\n      <\/div>\r\n    <\/div>\r\n\r\n            <div class=\"col-lg-12\">\r\n         <div class=\"pt-blog-post\">\r\n          <div class=\"pt-post-media\">\r\n           <img width=\"1920\" height=\"1080\" src=\"https:\/\/isnsoluciones.com\/wp-content\/uploads\/2023\/06\/generador-1.jpg\" class=\"attachment-post-thumbnail size-post-thumbnail wp-post-image\" alt=\"\" decoding=\"async\" srcset=\"https:\/\/isnsoluciones.com\/wp-content\/uploads\/2023\/06\/generador-1.jpg 1920w, https:\/\/isnsoluciones.com\/wp-content\/uploads\/2023\/06\/generador-1-300x169.jpg 300w, https:\/\/isnsoluciones.com\/wp-content\/uploads\/2023\/06\/generador-1-1024x576.jpg 1024w, https:\/\/isnsoluciones.com\/wp-content\/uploads\/2023\/06\/generador-1-768x432.jpg 768w, https:\/\/isnsoluciones.com\/wp-content\/uploads\/2023\/06\/generador-1-1536x864.jpg 1536w, https:\/\/isnsoluciones.com\/wp-content\/uploads\/2023\/06\/generador-1-600x338.jpg 600w\" sizes=\"(max-width: 1920px) 100vw, 1920px\" \/>                    <\/div>\r\n         <div class=\"pt-blog-contain\">\r\n           <div class=\"pt-post-meta\">\r\n             <div class=\"pt-post-date\">\r\n               <a href=\"https:\/\/isnsoluciones.com\/index.php\/2023\/06\/29\/\">\r\n                <span class='pt-post-blk' >29<\/span>Jun 2023<\/a>\r\n              <\/div>\r\n            <\/div>\r\n\r\n            <h5 class=\"pt-blog-title\"><a href=\"https:\/\/isnsoluciones.com\/index.php\/2023\/06\/29\/como-puedes-reciclar-de-manera-responsable-los-desechos-de-cables-electricos-consejos-de-una-empresa-de-ingenieria-electrica\/\">C\u00f3mo Puedes Reciclar de Manera Responsable los Desechos de Cables El\u00e9ctricos: Consejos de una Empresa de Ingenier\u00eda El\u00e9ctrica<\/a><\/h5>\r\n\r\n                          \r\n                <p>En el mundo moderno, el consumo de cables el\u00e9ctricos es constante y su vida \u00fatil puede llegar a su fin por diversas razones. Sin embargo, es fundamental tener en cuenta que estos desechos no deben ser simplemente descartados, ya que contienen materiales valiosos y, si se manejan de manera inadecuada, pueden causar da\u00f1os al medio [&hellip;]<\/p>\n                          \r\n            <div class=\"pt-btn-container\">\r\n             <a class=\"pt-button pt-button-flat\" href=\"https:\/\/isnsoluciones.com\/index.php\/2023\/06\/29\/como-puedes-reciclar-de-manera-responsable-los-desechos-de-cables-electricos-consejos-de-una-empresa-de-ingenieria-electrica\/\">\r\n              <div class=\"pt-button-block\">\r\n                <span class=\"pt-button-text\">read more<\/span>\r\n                <i class=\" icon-lightning\"><\/i>\r\n              <\/div>\r\n            <\/a>\r\n          <\/div>\r\n\r\n        <\/div>\r\n      <\/div>\r\n    <\/div>\r\n\r\n            <div class=\"col-lg-12\">\r\n         <div class=\"pt-blog-post\">\r\n          <div class=\"pt-post-media\">\r\n           <img width=\"1920\" height=\"1080\" src=\"https:\/\/isnsoluciones.com\/wp-content\/uploads\/2023\/06\/generador.jpg\" class=\"attachment-post-thumbnail size-post-thumbnail wp-post-image\" alt=\"\" decoding=\"async\" srcset=\"https:\/\/isnsoluciones.com\/wp-content\/uploads\/2023\/06\/generador.jpg 1920w, https:\/\/isnsoluciones.com\/wp-content\/uploads\/2023\/06\/generador-300x169.jpg 300w, https:\/\/isnsoluciones.com\/wp-content\/uploads\/2023\/06\/generador-1024x576.jpg 1024w, https:\/\/isnsoluciones.com\/wp-content\/uploads\/2023\/06\/generador-768x432.jpg 768w, https:\/\/isnsoluciones.com\/wp-content\/uploads\/2023\/06\/generador-1536x864.jpg 1536w, https:\/\/isnsoluciones.com\/wp-content\/uploads\/2023\/06\/generador-600x338.jpg 600w\" sizes=\"(max-width: 1920px) 100vw, 1920px\" \/>                    <\/div>\r\n         <div class=\"pt-blog-contain\">\r\n           <div class=\"pt-post-meta\">\r\n             <div class=\"pt-post-date\">\r\n               <a href=\"https:\/\/isnsoluciones.com\/index.php\/2023\/06\/29\/\">\r\n                <span class='pt-post-blk' >29<\/span>Jun 2023<\/a>\r\n              <\/div>\r\n            <\/div>\r\n\r\n            <h5 class=\"pt-blog-title\"><a href=\"https:\/\/isnsoluciones.com\/index.php\/2023\/06\/29\/deberias-tener-un-generador-electrico-en-casa-para-los-cortes-de-energia\/\">\u00bfDeber\u00edas tener un generador el\u00e9ctrico en casa para los cortes de energ\u00eda?<\/a><\/h5>\r\n\r\n                          \r\n                <p>Los cortes de energ\u00eda son eventos imprevistos que pueden interrumpir nuestras actividades diarias y afectar nuestra comodidad y seguridad en el hogar. Ante esta situaci\u00f3n, muchas personas consideran la opci\u00f3n de adquirir un generador el\u00e9ctrico como respaldo. En nuestra empresa de ingenier\u00eda el\u00e9ctrica, queremos ayudarte a tomar una decisi\u00f3n informada. Exploraremos los beneficios de tener [&hellip;]<\/p>\n                          \r\n            <div class=\"pt-btn-container\">\r\n             <a class=\"pt-button pt-button-flat\" href=\"https:\/\/isnsoluciones.com\/index.php\/2023\/06\/29\/deberias-tener-un-generador-electrico-en-casa-para-los-cortes-de-energia\/\">\r\n              <div class=\"pt-button-block\">\r\n                <span class=\"pt-button-text\">read more<\/span>\r\n                <i class=\" icon-lightning\"><\/i>\r\n              <\/div>\r\n            <\/a>\r\n          <\/div>\r\n\r\n        <\/div>\r\n      <\/div>\r\n    <\/div>\r\n\r\n            <div class=\"col-lg-12\">\r\n         <div class=\"pt-blog-post\">\r\n          <div class=\"pt-post-media\">\r\n           <img loading=\"lazy\" width=\"1920\" height=\"1080\" src=\"https:\/\/isnsoluciones.com\/wp-content\/uploads\/2023\/06\/portada-2.jpg\" class=\"attachment-post-thumbnail size-post-thumbnail wp-post-image\" alt=\"\" decoding=\"async\" srcset=\"https:\/\/isnsoluciones.com\/wp-content\/uploads\/2023\/06\/portada-2.jpg 1920w, https:\/\/isnsoluciones.com\/wp-content\/uploads\/2023\/06\/portada-2-300x169.jpg 300w, https:\/\/isnsoluciones.com\/wp-content\/uploads\/2023\/06\/portada-2-1024x576.jpg 1024w, https:\/\/isnsoluciones.com\/wp-content\/uploads\/2023\/06\/portada-2-768x432.jpg 768w, https:\/\/isnsoluciones.com\/wp-content\/uploads\/2023\/06\/portada-2-1536x864.jpg 1536w, https:\/\/isnsoluciones.com\/wp-content\/uploads\/2023\/06\/portada-2-600x338.jpg 600w\" sizes=\"(max-width: 1920px) 100vw, 1920px\" \/>                    <\/div>\r\n         <div class=\"pt-blog-contain\">\r\n           <div class=\"pt-post-meta\">\r\n             <div class=\"pt-post-date\">\r\n               <a href=\"https:\/\/isnsoluciones.com\/index.php\/2023\/06\/29\/\">\r\n                <span class='pt-post-blk' >29<\/span>Jun 2023<\/a>\r\n              <\/div>\r\n            <\/div>\r\n\r\n            <h5 class=\"pt-blog-title\"><a href=\"https:\/\/isnsoluciones.com\/index.php\/2023\/06\/29\/como-puedes-proteger-a-tu-familia-durante-las-tormentas-con-rayos\/\">\u00bfC\u00f3mo Puedes Proteger A Tu Familia Durante Las Tormentas Con Rayos?<\/a><\/h5>\r\n\r\n                          \r\n                <p>Las tormentas con rayos pueden ser un fen\u00f3meno natural fascinante pero tambi\u00e9n peligroso. Cuando una tormenta el\u00e9ctrica se acerca, es esencial tomar medidas para proteger a tu familia y a tu hogar de los posibles peligros. En nuestra empresa de ingenier\u00eda el\u00e9ctrica, entendemos la importancia de la seguridad y queremos compartir contigo algunos consejos pr\u00e1cticos [&hellip;]<\/p>\n                          \r\n            <div class=\"pt-btn-container\">\r\n             <a class=\"pt-button pt-button-flat\" href=\"https:\/\/isnsoluciones.com\/index.php\/2023\/06\/29\/como-puedes-proteger-a-tu-familia-durante-las-tormentas-con-rayos\/\">\r\n              <div class=\"pt-button-block\">\r\n                <span class=\"pt-button-text\">read more<\/span>\r\n                <i class=\" icon-lightning\"><\/i>\r\n              <\/div>\r\n            <\/a>\r\n          <\/div>\r\n\r\n        <\/div>\r\n      <\/div>\r\n    <\/div>\r\n\r\n    <\/div>\r\n<\/div>\t\t<\/div>\n\t\t\t\t<\/div>\n\t\t\t\t\t<\/div>\n\t\t<\/div>\n\t\t\t\t<div class=\"elementor-column elementor-col-33 elementor-inner-column elementor-element elementor-element-6a858ba\" data-id=\"6a858ba\" data-element_type=\"column\">\n\t\t\t<div class=\"elementor-widget-wrap elementor-element-populated\">\n\t\t\t\t\t\t<div class=\"elementor-element elementor-element-0326479 elementor-widget elementor-widget-sidebar\" data-id=\"0326479\" data-element_type=\"widget\" data-widget_type=\"sidebar.default\">\n\t\t\t\t<div class=\"elementor-widget-container\">\n\t\t\t<div id=\"search-1\" class=\"widget widget_search\">\r\n<form role=\"search\" method=\"get\" class=\"search-form\" action=\"https:\/\/isnsoluciones.com\/\">\r\n\t<label>\r\n\t\t<span class=\"screen-reader-text\">Search for:<\/span>\r\n\t\t<input type=\"search\" class=\"search-field\" placeholder=\"Search &hellip;\" value=\"\" name=\"s\" \/>\r\n\t<\/label>\r\n\t<button type=\"submit\" class=\"search-submit\"><span class=\"screen-reader-text\">Search<\/span><\/button>\r\n<\/form>\r\n<\/div>\n\t\t<div id=\"recent-posts-1\" class=\"widget widget_recent_entries\">\n\t\t<h2 class=\"widget-title\">Recent Posts<\/h2>\n\t\t<ul>\n\t\t\t\t\t\t\t\t\t\t\t<li>\n\t\t\t\t\t<a href=\"https:\/\/isnsoluciones.com\/index.php\/2023\/06\/29\/cuales-son-las-precauciones-de-seguridad-electrica-para-los-ninos\/\">\u00bfCu\u00e1les son las Precauciones de Seguridad El\u00e9ctrica para los Ni\u00f1os?<\/a>\n\t\t\t\t\t\t\t\t\t<\/li>\n\t\t\t\t\t\t\t\t\t\t\t<li>\n\t\t\t\t\t<a href=\"https:\/\/isnsoluciones.com\/index.php\/2023\/06\/29\/como-puedes-reciclar-de-manera-responsable-los-desechos-de-cables-electricos-consejos-de-una-empresa-de-ingenieria-electrica\/\">C\u00f3mo Puedes Reciclar de Manera Responsable los Desechos de Cables El\u00e9ctricos: Consejos de una Empresa de Ingenier\u00eda El\u00e9ctrica<\/a>\n\t\t\t\t\t\t\t\t\t<\/li>\n\t\t\t\t\t\t\t\t\t\t\t<li>\n\t\t\t\t\t<a href=\"https:\/\/isnsoluciones.com\/index.php\/2023\/06\/29\/deberias-tener-un-generador-electrico-en-casa-para-los-cortes-de-energia\/\">\u00bfDeber\u00edas tener un generador el\u00e9ctrico en casa para los cortes de energ\u00eda?<\/a>\n\t\t\t\t\t\t\t\t\t<\/li>\n\t\t\t\t\t\t\t\t\t\t\t<li>\n\t\t\t\t\t<a href=\"https:\/\/isnsoluciones.com\/index.php\/2023\/06\/29\/como-puedes-proteger-a-tu-familia-durante-las-tormentas-con-rayos\/\">\u00bfC\u00f3mo Puedes Proteger A Tu Familia Durante Las Tormentas Con Rayos?<\/a>\n\t\t\t\t\t\t\t\t\t<\/li>\n\t\t\t\t\t<\/ul>\n\n\t\t<\/div><div id=\"recent-comments-1\" class=\"widget widget_recent_comments\"><h2 class=\"widget-title\">Recent Comments<\/h2><ul id=\"recentcomments\"><li class=\"recentcomments\"><span class=\"comment-author-link\"><a href=\"http:\/\/electrik.peacefulqode.com\" class=\"url\" rel=\"ugc external nofollow\">peacefulqode<\/a><\/span> on <a href=\"https:\/\/isnsoluciones.com\/index.php\/producto\/t-shirt\/#comment-15\">power meter<\/a><\/li><li class=\"recentcomments\"><span class=\"comment-author-link\"><a href=\"http:\/\/electrik.peacefulqode.com\" class=\"url\" rel=\"ugc external nofollow\">peacefulqode<\/a><\/span> on <a href=\"https:\/\/isnsoluciones.com\/index.php\/producto\/screwdriver\/#comment-16\">Screwdriver<\/a><\/li><\/ul><\/div><div id=\"archives-1\" class=\"widget widget_archive\"><h2 class=\"widget-title\">Archives<\/h2>\n\t\t\t<ul>\n\t\t\t\t\t<li><a href='https:\/\/isnsoluciones.com\/index.php\/2023\/06\/'>June 2023<\/a><\/li>\n\t\t\t<\/ul>\n\n\t\t\t<\/div><div id=\"categories-2\" class=\"widget widget_categories\"><h2 class=\"widget-title\">Categories<\/h2>\n\t\t\t<ul>\n\t\t\t\t\t<li class=\"cat-item cat-item-26\"><a href=\"https:\/\/isnsoluciones.com\/index.php\/category\/home-appliance\/\">Home Appliance<\/a>\n<\/li>\n\t<li class=\"cat-item cat-item-27\"><a href=\"https:\/\/isnsoluciones.com\/index.php\/category\/renovation-wiring\/\">Renovation Wiring<\/a>\n<\/li>\n\t\t\t<\/ul>\n\n\t\t\t<\/div><div id=\"block-7\" class=\"widget widget_block widget_search\"><form role=\"search\" method=\"get\" action=\"https:\/\/isnsoluciones.com\/\" class=\"wp-block-search__button-outside wp-block-search__text-button wp-block-search\"><label class=\"wp-block-search__label\" for=\"wp-block-search__input-1\" >Search<\/label><div class=\"wp-block-search__inside-wrapper \" ><input class=\"wp-block-search__input\" id=\"wp-block-search__input-1\" placeholder=\"\" value=\"\" type=\"search\" name=\"s\" required \/><button aria-label=\"Search\" class=\"wp-block-search__button wp-element-button\" type=\"submit\" >Search<\/button><\/div><\/form><\/div><div id=\"block-8\" class=\"widget widget_block\">\n<div class=\"wp-block-group is-layout-flow wp-block-group-is-layout-flow\"><div class=\"wp-block-group__inner-container\">\n<h2 class=\"wp-block-heading\">Categories<\/h2>\n\n\n<ul class=\"wp-block-categories-list wp-block-categories\">\t<li class=\"cat-item cat-item-26\"><a href=\"https:\/\/isnsoluciones.com\/index.php\/category\/home-appliance\/\">Home Appliance<\/a>\n<\/li>\n\t<li class=\"cat-item cat-item-27\"><a href=\"https:\/\/isnsoluciones.com\/index.php\/category\/renovation-wiring\/\">Renovation Wiring<\/a>\n<\/li>\n<\/ul><\/div><\/div>\n<\/div><div id=\"block-9\" class=\"widget widget_block\">\n<div class=\"wp-block-group is-layout-flow wp-block-group-is-layout-flow\"><div class=\"wp-block-group__inner-container\">\n<h2 class=\"wp-block-heading\">Tags<\/h2>\n\n\n<p class=\"wp-block-tag-cloud\"><a href=\"https:\/\/isnsoluciones.com\/index.php\/tag\/electrical-parts\/\" class=\"tag-cloud-link tag-link-28 tag-link-position-1\" style=\"font-size: 8pt;\" aria-label=\"Electrical Parts (1 item)\">Electrical Parts<\/a>\n<a href=\"https:\/\/isnsoluciones.com\/index.php\/tag\/inspection\/\" class=\"tag-cloud-link tag-link-29 tag-link-position-2\" style=\"font-size: 22pt;\" aria-label=\"Inspection (2 items)\">Inspection<\/a>\n<a href=\"https:\/\/isnsoluciones.com\/index.php\/tag\/repair\/\" class=\"tag-cloud-link tag-link-34 tag-link-position-3\" style=\"font-size: 8pt;\" aria-label=\"Repair (1 item)\">Repair<\/a>\n<a href=\"https:\/\/isnsoluciones.com\/index.php\/tag\/wire\/\" class=\"tag-cloud-link tag-link-36 tag-link-position-4\" style=\"font-size: 8pt;\" aria-label=\"Wire (1 item)\">Wire<\/a><\/p><\/div><\/div>\n<\/div>\r\n\t\t<div class=\"pt-widget-menu widget\">\r\n\r\n\t\t\t<h2 class=\"widget-title\">Recent Post<\/h2>\r\n\t\t\t\r\n\t\t\t\t<div class=\"pt-footer-recent-post\">\r\n\r\n\t\t\t\t\t<div class=\"pt-footer-recent-post-media\">\r\n\r\n\t\t\t\t\t\t<a href=\"https:\/\/isnsoluciones.com\/index.php\/2023\/06\/29\/cuales-son-las-precauciones-de-seguridad-electrica-para-los-ninos\/\">\r\n\r\n\t\t\t\t\t\t\t<img decoding=\"async\" src=\"https:\/\/isnsoluciones.com\/wp-content\/uploads\/2023\/06\/cables-100x100.jpg\" alt=\"\"><\/a>\r\n\r\n\t\t\t\t\t\t<\/div>\r\n\r\n\t\t\t\t\t\t<div class=\"pt-footer-recent-post-info\">\r\n\r\n\t\t\t\t\t\t\t                            \r\n\t\t\t\t\t\t\t<h6><a href=\"https:\/\/isnsoluciones.com\/index.php\/2023\/06\/29\/cuales-son-las-precauciones-de-seguridad-electrica-para-los-ninos\/\">\u00bfCu\u00e1les son las Precauciones de Seguridad El\u00e9ctrica para los Ni\u00f1os?<\/a><\/h6>\r\n\t\t\t\t\t\t\t<a href=\"https:\/\/isnsoluciones.com\/index.php\/2023\/06\/29\/\" class=\"pt-post-date\">\r\n\t\t\t\t\t\t\t\t<i class=\"far fa-calendar-alt\"><\/i>June <span>6<\/span>, 2023 <\/a>\r\n\r\n\r\n\t\t\t\t\t\t<\/div>\r\n\r\n\r\n\r\n\t\t\t\t\t<\/div>\r\n\r\n\t\t\t\t\t\r\n\t\t\t\t<div class=\"pt-footer-recent-post\">\r\n\r\n\t\t\t\t\t<div class=\"pt-footer-recent-post-media\">\r\n\r\n\t\t\t\t\t\t<a href=\"https:\/\/isnsoluciones.com\/index.php\/2023\/06\/29\/como-puedes-reciclar-de-manera-responsable-los-desechos-de-cables-electricos-consejos-de-una-empresa-de-ingenieria-electrica\/\">\r\n\r\n\t\t\t\t\t\t\t<img decoding=\"async\" src=\"https:\/\/isnsoluciones.com\/wp-content\/uploads\/2023\/06\/generador-1-100x100.jpg\" alt=\"\"><\/a>\r\n\r\n\t\t\t\t\t\t<\/div>\r\n\r\n\t\t\t\t\t\t<div class=\"pt-footer-recent-post-info\">\r\n\r\n\t\t\t\t\t\t\t                            \r\n\t\t\t\t\t\t\t<h6><a href=\"https:\/\/isnsoluciones.com\/index.php\/2023\/06\/29\/como-puedes-reciclar-de-manera-responsable-los-desechos-de-cables-electricos-consejos-de-una-empresa-de-ingenieria-electrica\/\">C\u00f3mo Puedes Reciclar de Manera Responsable los Desechos de Cables El\u00e9ctricos: Consejos de una Empresa de Ingenier\u00eda El\u00e9ctrica<\/a><\/h6>\r\n\t\t\t\t\t\t\t<a href=\"https:\/\/isnsoluciones.com\/index.php\/2023\/06\/29\/\" class=\"pt-post-date\">\r\n\t\t\t\t\t\t\t\t<i class=\"far fa-calendar-alt\"><\/i>June <span>6<\/span>, 2023 <\/a>\r\n\r\n\r\n\t\t\t\t\t\t<\/div>\r\n\r\n\r\n\r\n\t\t\t\t\t<\/div>\r\n\r\n\t\t\t\t\t\r\n\t\t\t\t<div class=\"pt-footer-recent-post\">\r\n\r\n\t\t\t\t\t<div class=\"pt-footer-recent-post-media\">\r\n\r\n\t\t\t\t\t\t<a href=\"https:\/\/isnsoluciones.com\/index.php\/2023\/06\/29\/deberias-tener-un-generador-electrico-en-casa-para-los-cortes-de-energia\/\">\r\n\r\n\t\t\t\t\t\t\t<img decoding=\"async\" src=\"https:\/\/isnsoluciones.com\/wp-content\/uploads\/2023\/06\/generador-100x100.jpg\" alt=\"\"><\/a>\r\n\r\n\t\t\t\t\t\t<\/div>\r\n\r\n\t\t\t\t\t\t<div class=\"pt-footer-recent-post-info\">\r\n\r\n\t\t\t\t\t\t\t                            \r\n\t\t\t\t\t\t\t<h6><a href=\"https:\/\/isnsoluciones.com\/index.php\/2023\/06\/29\/deberias-tener-un-generador-electrico-en-casa-para-los-cortes-de-energia\/\">\u00bfDeber\u00edas tener un generador el\u00e9ctrico en casa para los cortes de energ\u00eda?<\/a><\/h6>\r\n\t\t\t\t\t\t\t<a href=\"https:\/\/isnsoluciones.com\/index.php\/2023\/06\/29\/\" class=\"pt-post-date\">\r\n\t\t\t\t\t\t\t\t<i class=\"far fa-calendar-alt\"><\/i>June <span>6<\/span>, 2023 <\/a>\r\n\r\n\r\n\t\t\t\t\t\t<\/div>\r\n\r\n\r\n\r\n\t\t\t\t\t<\/div>\r\n\r\n\t\t\t\t\t\r\n\t\t\t<\/div>\r\n\r\n\t\t\t<div id=\"block-10\" class=\"widget widget_block\">\n<div class=\"wp-block-group is-layout-flow wp-block-group-is-layout-flow\"><div class=\"wp-block-group__inner-container\">\n<h2 class=\"wp-block-heading\">Archives<\/h2>\n\n\n<ul class=\"wp-block-archives-list wp-block-archives\">\t<li><a href='https:\/\/isnsoluciones.com\/index.php\/2023\/06\/'>June 2023<\/a><\/li>\n<\/ul><\/div><\/div>\n<\/div>\t\t<\/div>\n\t\t\t\t<\/div>\n\t\t\t\t\t<\/div>\n\t\t<\/div>\n\t\t\t\t\t<\/div>\n\t\t<\/div>\n\t\t\t\t\t<\/div>\n\t\t<\/div>\n\t\t\t\t\t<\/div>\n\t\t<\/div>\n\t\t\t\t<\/div>\n\t\t","protected":false},"excerpt":{"rendered":"<p>17Apr 2023 Should you own a home generator for power outages?&nbsp; What are some of the main safety issues with powering your home by a generator during a power outage? Should you use a particular type of generator? read more 17Apr 2023 How can you protect your family during lightning storms? What are some of [&hellip;]<\/p>\n","protected":false},"author":1,"featured_media":0,"parent":0,"menu_order":0,"comment_status":"closed","ping_status":"closed","template":"","meta":{"footnotes":""},"acf":[],"_links":{"self":[{"href":"https:\/\/isnsoluciones.com\/index.php\/wp-json\/wp\/v2\/pages\/2053"}],"collection":[{"href":"https:\/\/isnsoluciones.com\/index.php\/wp-json\/wp\/v2\/pages"}],"about":[{"href":"https:\/\/isnsoluciones.com\/index.php\/wp-json\/wp\/v2\/types\/page"}],"author":[{"embeddable":true,"href":"https:\/\/isnsoluciones.com\/index.php\/wp-json\/wp\/v2\/users\/1"}],"replies":[{"embeddable":true,"href":"https:\/\/isnsoluciones.com\/index.php\/wp-json\/wp\/v2\/comments?post=2053"}],"version-history":[{"count":1,"href":"https:\/\/isnsoluciones.com\/index.php\/wp-json\/wp\/v2\/pages\/2053\/revisions"}],"predecessor-version":[{"id":6124,"href":"https:\/\/isnsoluciones.com\/index.php\/wp-json\/wp\/v2\/pages\/2053\/revisions\/6124"}],"wp:attachment":[{"href":"https:\/\/isnsoluciones.com\/index.php\/wp-json\/wp\/v2\/media?parent=2053"}],"curies":[{"name":"wp","href":"https:\/\/api.w.org\/{rel}","templated":true}]}}