{"id":2475,"date":"2023-04-14T11:56:19","date_gmt":"2023-04-14T11:56:19","guid":{"rendered":"http:\/\/electrik.peacefulqode.com\/?page_id=2475"},"modified":"2023-07-11T03:38:45","modified_gmt":"2023-07-11T03:38:45","slug":"blog-2","status":"publish","type":"page","link":"https:\/\/isnsoluciones.com\/index.php\/blog-2\/","title":{"rendered":"Blog"},"content":{"rendered":"\t\t<div data-elementor-type=\"wp-page\" data-elementor-id=\"2475\" class=\"elementor elementor-2475\">\n\t\t\t\t\t\t<div class=\"elementor-section elementor-top-section elementor-element elementor-element-77c98ab elementor-section-full_width elementor-section-stretched elementor-section-height-default elementor-section-height-default\" data-id=\"77c98ab\" data-element_type=\"section\" data-settings=\"{&quot;stretch_section&quot;:&quot;section-stretched&quot;}\">\n\t\t\t\t\t\t<div class=\"elementor-container elementor-column-gap-default\">\n\t\t\t\t\t<div class=\"elementor-column elementor-col-100 elementor-top-column elementor-element elementor-element-4a1adfd\" data-id=\"4a1adfd\" data-element_type=\"column\">\n\t\t\t<div class=\"elementor-widget-wrap elementor-element-populated\">\n\t\t\t\t\t\t<div class=\"elementor-section elementor-inner-section elementor-element elementor-element-57077e5 elementor-section-boxed elementor-section-height-default elementor-section-height-default\" data-id=\"57077e5\" data-element_type=\"section\">\n\t\t\t\t\t\t<div class=\"elementor-container elementor-column-gap-default\">\n\t\t\t\t\t<div class=\"elementor-column elementor-col-100 elementor-inner-column elementor-element elementor-element-976e32f\" data-id=\"976e32f\" data-element_type=\"column\">\n\t\t\t<div class=\"elementor-widget-wrap elementor-element-populated\">\n\t\t\t\t\t\t<div class=\"elementor-element elementor-element-469d193 elementor-widget elementor-widget-pt_blog\" data-id=\"469d193\" data-element_type=\"widget\" data-widget_type=\"pt_blog.default\">\n\t\t\t\t<div class=\"elementor-widget-container\">\n\t\t\t<div class=\"pt-blog pt-blog-col-2\">\r\n  <div class=\"row\">\r\n\r\n            <div class=\"col-lg-6\">\r\n         <div class=\"pt-blog-post\">\r\n          <div class=\"pt-post-media\">\r\n           <img fetchpriority=\"high\" width=\"1920\" height=\"1080\" src=\"https:\/\/isnsoluciones.com\/wp-content\/uploads\/2023\/06\/cables.jpg\" class=\"attachment-post-thumbnail size-post-thumbnail wp-post-image\" alt=\"\" decoding=\"async\" srcset=\"https:\/\/isnsoluciones.com\/wp-content\/uploads\/2023\/06\/cables.jpg 1920w, https:\/\/isnsoluciones.com\/wp-content\/uploads\/2023\/06\/cables-300x169.jpg 300w, https:\/\/isnsoluciones.com\/wp-content\/uploads\/2023\/06\/cables-1024x576.jpg 1024w, https:\/\/isnsoluciones.com\/wp-content\/uploads\/2023\/06\/cables-768x432.jpg 768w, https:\/\/isnsoluciones.com\/wp-content\/uploads\/2023\/06\/cables-1536x864.jpg 1536w, https:\/\/isnsoluciones.com\/wp-content\/uploads\/2023\/06\/cables-600x338.jpg 600w\" sizes=\"(max-width: 1920px) 100vw, 1920px\" \/>                    <\/div>\r\n         <div class=\"pt-blog-contain\">\r\n           <div class=\"pt-post-meta\">\r\n             <div class=\"pt-post-date\">\r\n               <a href=\"https:\/\/isnsoluciones.com\/index.php\/2023\/06\/29\/\">\r\n                <span class='pt-post-blk' >29<\/span>Jun 2023<\/a>\r\n              <\/div>\r\n            <\/div>\r\n\r\n            <h5 class=\"pt-blog-title\"><a href=\"https:\/\/isnsoluciones.com\/index.php\/2023\/06\/29\/cuales-son-las-precauciones-de-seguridad-electrica-para-los-ninos\/\">\u00bfCu\u00e1les son las Precauciones de Seguridad El\u00e9ctrica para los Ni\u00f1os?<\/a><\/h5>\r\n\r\n                          \r\n                <p>La seguridad el\u00e9ctrica es un tema crucial, especialmente cuando se trata de proteger a los ni\u00f1os en nuestro hogar. Los accidentes el\u00e9ctricos pueden ser peligrosos y prevenirlos es fundamental. Como empresa de ingenier\u00eda el\u00e9ctrica, nos preocupamos por la seguridad de tu familia. En este art\u00edculo, destacaremos algunas precauciones clave que debes tomar para garantizar un [&hellip;]<\/p>\n                          \r\n            <div class=\"pt-btn-container\">\r\n             <a class=\"pt-button pt-button-flat\" href=\"https:\/\/isnsoluciones.com\/index.php\/2023\/06\/29\/cuales-son-las-precauciones-de-seguridad-electrica-para-los-ninos\/\">\r\n              <div class=\"pt-button-block\">\r\n                <span class=\"pt-button-text\">read more<\/span>\r\n                <i class=\" icon-lightning\"><\/i>\r\n              <\/div>\r\n            <\/a>\r\n          <\/div>\r\n\r\n        <\/div>\r\n      <\/div>\r\n    <\/div>\r\n\r\n            <div class=\"col-lg-6\">\r\n         <div class=\"pt-blog-post\">\r\n          <div class=\"pt-post-media\">\r\n           <img width=\"1920\" height=\"1080\" src=\"https:\/\/isnsoluciones.com\/wp-content\/uploads\/2023\/06\/generador-1.jpg\" class=\"attachment-post-thumbnail size-post-thumbnail wp-post-image\" alt=\"\" decoding=\"async\" srcset=\"https:\/\/isnsoluciones.com\/wp-content\/uploads\/2023\/06\/generador-1.jpg 1920w, https:\/\/isnsoluciones.com\/wp-content\/uploads\/2023\/06\/generador-1-300x169.jpg 300w, https:\/\/isnsoluciones.com\/wp-content\/uploads\/2023\/06\/generador-1-1024x576.jpg 1024w, https:\/\/isnsoluciones.com\/wp-content\/uploads\/2023\/06\/generador-1-768x432.jpg 768w, https:\/\/isnsoluciones.com\/wp-content\/uploads\/2023\/06\/generador-1-1536x864.jpg 1536w, https:\/\/isnsoluciones.com\/wp-content\/uploads\/2023\/06\/generador-1-600x338.jpg 600w\" sizes=\"(max-width: 1920px) 100vw, 1920px\" \/>                    <\/div>\r\n         <div class=\"pt-blog-contain\">\r\n           <div class=\"pt-post-meta\">\r\n             <div class=\"pt-post-date\">\r\n               <a href=\"https:\/\/isnsoluciones.com\/index.php\/2023\/06\/29\/\">\r\n                <span class='pt-post-blk' >29<\/span>Jun 2023<\/a>\r\n              <\/div>\r\n            <\/div>\r\n\r\n            <h5 class=\"pt-blog-title\"><a href=\"https:\/\/isnsoluciones.com\/index.php\/2023\/06\/29\/como-puedes-reciclar-de-manera-responsable-los-desechos-de-cables-electricos-consejos-de-una-empresa-de-ingenieria-electrica\/\">C\u00f3mo Puedes Reciclar de Manera Responsable los Desechos de Cables El\u00e9ctricos: Consejos de una Empresa de Ingenier\u00eda El\u00e9ctrica<\/a><\/h5>\r\n\r\n                          \r\n                <p>En el mundo moderno, el consumo de cables el\u00e9ctricos es constante y su vida \u00fatil puede llegar a su fin por diversas razones. Sin embargo, es fundamental tener en cuenta que estos desechos no deben ser simplemente descartados, ya que contienen materiales valiosos y, si se manejan de manera inadecuada, pueden causar da\u00f1os al medio [&hellip;]<\/p>\n                          \r\n            <div class=\"pt-btn-container\">\r\n             <a class=\"pt-button pt-button-flat\" href=\"https:\/\/isnsoluciones.com\/index.php\/2023\/06\/29\/como-puedes-reciclar-de-manera-responsable-los-desechos-de-cables-electricos-consejos-de-una-empresa-de-ingenieria-electrica\/\">\r\n              <div class=\"pt-button-block\">\r\n                <span class=\"pt-button-text\">read more<\/span>\r\n                <i class=\" icon-lightning\"><\/i>\r\n              <\/div>\r\n            <\/a>\r\n          <\/div>\r\n\r\n        <\/div>\r\n      <\/div>\r\n    <\/div>\r\n\r\n            <div class=\"col-lg-6\">\r\n         <div class=\"pt-blog-post\">\r\n          <div class=\"pt-post-media\">\r\n           <img width=\"1920\" height=\"1080\" src=\"https:\/\/isnsoluciones.com\/wp-content\/uploads\/2023\/06\/generador.jpg\" class=\"attachment-post-thumbnail size-post-thumbnail wp-post-image\" alt=\"\" decoding=\"async\" srcset=\"https:\/\/isnsoluciones.com\/wp-content\/uploads\/2023\/06\/generador.jpg 1920w, https:\/\/isnsoluciones.com\/wp-content\/uploads\/2023\/06\/generador-300x169.jpg 300w, https:\/\/isnsoluciones.com\/wp-content\/uploads\/2023\/06\/generador-1024x576.jpg 1024w, https:\/\/isnsoluciones.com\/wp-content\/uploads\/2023\/06\/generador-768x432.jpg 768w, https:\/\/isnsoluciones.com\/wp-content\/uploads\/2023\/06\/generador-1536x864.jpg 1536w, https:\/\/isnsoluciones.com\/wp-content\/uploads\/2023\/06\/generador-600x338.jpg 600w\" sizes=\"(max-width: 1920px) 100vw, 1920px\" \/>                    <\/div>\r\n         <div class=\"pt-blog-contain\">\r\n           <div class=\"pt-post-meta\">\r\n             <div class=\"pt-post-date\">\r\n               <a href=\"https:\/\/isnsoluciones.com\/index.php\/2023\/06\/29\/\">\r\n                <span class='pt-post-blk' >29<\/span>Jun 2023<\/a>\r\n              <\/div>\r\n            <\/div>\r\n\r\n            <h5 class=\"pt-blog-title\"><a href=\"https:\/\/isnsoluciones.com\/index.php\/2023\/06\/29\/deberias-tener-un-generador-electrico-en-casa-para-los-cortes-de-energia\/\">\u00bfDeber\u00edas tener un generador el\u00e9ctrico en casa para los cortes de energ\u00eda?<\/a><\/h5>\r\n\r\n                          \r\n                <p>Los cortes de energ\u00eda son eventos imprevistos que pueden interrumpir nuestras actividades diarias y afectar nuestra comodidad y seguridad en el hogar. Ante esta situaci\u00f3n, muchas personas consideran la opci\u00f3n de adquirir un generador el\u00e9ctrico como respaldo. En nuestra empresa de ingenier\u00eda el\u00e9ctrica, queremos ayudarte a tomar una decisi\u00f3n informada. Exploraremos los beneficios de tener [&hellip;]<\/p>\n                          \r\n            <div class=\"pt-btn-container\">\r\n             <a class=\"pt-button pt-button-flat\" href=\"https:\/\/isnsoluciones.com\/index.php\/2023\/06\/29\/deberias-tener-un-generador-electrico-en-casa-para-los-cortes-de-energia\/\">\r\n              <div class=\"pt-button-block\">\r\n                <span class=\"pt-button-text\">read more<\/span>\r\n                <i class=\" icon-lightning\"><\/i>\r\n              <\/div>\r\n            <\/a>\r\n          <\/div>\r\n\r\n        <\/div>\r\n      <\/div>\r\n    <\/div>\r\n\r\n            <div class=\"col-lg-6\">\r\n         <div class=\"pt-blog-post\">\r\n          <div class=\"pt-post-media\">\r\n           <img loading=\"lazy\" width=\"1920\" height=\"1080\" src=\"https:\/\/isnsoluciones.com\/wp-content\/uploads\/2023\/06\/portada-2.jpg\" class=\"attachment-post-thumbnail size-post-thumbnail wp-post-image\" alt=\"\" decoding=\"async\" srcset=\"https:\/\/isnsoluciones.com\/wp-content\/uploads\/2023\/06\/portada-2.jpg 1920w, https:\/\/isnsoluciones.com\/wp-content\/uploads\/2023\/06\/portada-2-300x169.jpg 300w, https:\/\/isnsoluciones.com\/wp-content\/uploads\/2023\/06\/portada-2-1024x576.jpg 1024w, https:\/\/isnsoluciones.com\/wp-content\/uploads\/2023\/06\/portada-2-768x432.jpg 768w, https:\/\/isnsoluciones.com\/wp-content\/uploads\/2023\/06\/portada-2-1536x864.jpg 1536w, https:\/\/isnsoluciones.com\/wp-content\/uploads\/2023\/06\/portada-2-600x338.jpg 600w\" sizes=\"(max-width: 1920px) 100vw, 1920px\" \/>                    <\/div>\r\n         <div class=\"pt-blog-contain\">\r\n           <div class=\"pt-post-meta\">\r\n             <div class=\"pt-post-date\">\r\n               <a href=\"https:\/\/isnsoluciones.com\/index.php\/2023\/06\/29\/\">\r\n                <span class='pt-post-blk' >29<\/span>Jun 2023<\/a>\r\n              <\/div>\r\n            <\/div>\r\n\r\n            <h5 class=\"pt-blog-title\"><a href=\"https:\/\/isnsoluciones.com\/index.php\/2023\/06\/29\/como-puedes-proteger-a-tu-familia-durante-las-tormentas-con-rayos\/\">\u00bfC\u00f3mo Puedes Proteger A Tu Familia Durante Las Tormentas Con Rayos?<\/a><\/h5>\r\n\r\n                          \r\n                <p>Las tormentas con rayos pueden ser un fen\u00f3meno natural fascinante pero tambi\u00e9n peligroso. Cuando una tormenta el\u00e9ctrica se acerca, es esencial tomar medidas para proteger a tu familia y a tu hogar de los posibles peligros. En nuestra empresa de ingenier\u00eda el\u00e9ctrica, entendemos la importancia de la seguridad y queremos compartir contigo algunos consejos pr\u00e1cticos [&hellip;]<\/p>\n                          \r\n            <div class=\"pt-btn-container\">\r\n             <a class=\"pt-button pt-button-flat\" href=\"https:\/\/isnsoluciones.com\/index.php\/2023\/06\/29\/como-puedes-proteger-a-tu-familia-durante-las-tormentas-con-rayos\/\">\r\n              <div class=\"pt-button-block\">\r\n                <span class=\"pt-button-text\">read more<\/span>\r\n                <i class=\" icon-lightning\"><\/i>\r\n              <\/div>\r\n            <\/a>\r\n          <\/div>\r\n\r\n        <\/div>\r\n      <\/div>\r\n    <\/div>\r\n\r\n    <\/div>\r\n<\/div>\t\t<\/div>\n\t\t\t\t<\/div>\n\t\t\t\t\t<\/div>\n\t\t<\/div>\n\t\t\t\t\t<\/div>\n\t\t<\/div>\n\t\t\t\t\t<\/div>\n\t\t<\/div>\n\t\t\t\t\t<\/div>\n\t\t<\/div>\n\t\t\t\t<\/div>\n\t\t","protected":false},"excerpt":{"rendered":"<p>10Apr 2023 What are the differences between LED, CFL, and halogen lights? Which one is the best for office work? Which one is the best for general home use? Should you replace all of the lights in your home with a single type of bulb? read more 10Apr 2023 How much power is necessary to [&hellip;]<\/p>\n","protected":false},"author":1,"featured_media":0,"parent":0,"menu_order":0,"comment_status":"closed","ping_status":"closed","template":"elementor_theme","meta":{"footnotes":""},"acf":[],"_links":{"self":[{"href":"https:\/\/isnsoluciones.com\/index.php\/wp-json\/wp\/v2\/pages\/2475"}],"collection":[{"href":"https:\/\/isnsoluciones.com\/index.php\/wp-json\/wp\/v2\/pages"}],"about":[{"href":"https:\/\/isnsoluciones.com\/index.php\/wp-json\/wp\/v2\/types\/page"}],"author":[{"embeddable":true,"href":"https:\/\/isnsoluciones.com\/index.php\/wp-json\/wp\/v2\/users\/1"}],"replies":[{"embeddable":true,"href":"https:\/\/isnsoluciones.com\/index.php\/wp-json\/wp\/v2\/comments?post=2475"}],"version-history":[{"count":2,"href":"https:\/\/isnsoluciones.com\/index.php\/wp-json\/wp\/v2\/pages\/2475\/revisions"}],"predecessor-version":[{"id":6360,"href":"https:\/\/isnsoluciones.com\/index.php\/wp-json\/wp\/v2\/pages\/2475\/revisions\/6360"}],"wp:attachment":[{"href":"https:\/\/isnsoluciones.com\/index.php\/wp-json\/wp\/v2\/media?parent=2475"}],"curies":[{"name":"wp","href":"https:\/\/api.w.org\/{rel}","templated":true}]}}